{"id":53,"date":"2012-08-17T19:42:59","date_gmt":"2012-08-17T19:42:59","guid":{"rendered":"http:\/\/korekgliwice.pl\/?page_id=53"},"modified":"2016-06-10T07:57:50","modified_gmt":"2016-06-10T07:57:50","slug":"aktualnosci-2","status":"publish","type":"page","link":"http:\/\/www.korekgliwice.pl\/?page_id=53","title":{"rendered":"Aktualno\u015bci"},"content":{"rendered":"<p><strong>12.04.2014 godz. 20:00<\/strong><a  href=\"http:\/\/www.korekgliwice.pl\/?attachment_id=245\" rel=\"attachment wp-att-245\"><img loading=\"lazy\" class=\"alignright  wp-image-245\" title=\"12.04.2014\" src=\"http:\/\/www.korekgliwice.pl\/wp-content\/uploads\/2012\/08\/12.04.20142.png\" alt=\"\" width=\"390\" height=\"208\" \/><\/a><br \/>\nZapraszamy na Wielkanocny festiwal win.<br \/>\nW \u015bwi\u0105tecznej edycji przedstawimy<br \/>\nwina z Badenii, Alzacji, Langwedocji, Portugalii<br \/>\ni Hiszpanii.<\/p>\n<p>&nbsp;<\/p>\n<p>&nbsp;<\/p>\n<p><a  href=\"http:\/\/www.korekgliwice.pl\/?attachment_id=241\" rel=\"attachment wp-att-241\"><img loading=\"lazy\" class=\"alignleft  wp-image-241\" title=\"28.03.2014\" src=\"http:\/\/www.korekgliwice.pl\/wp-content\/uploads\/2012\/08\/28.03.20141.png\" alt=\"\" width=\"360\" height=\"180\" \/><\/a><strong><\/strong><\/p>\n<p>&nbsp;<\/p>\n<p><strong>28.03.2014 godz. 20:00<\/strong><br \/>\nWiosenny festiwal win.<br \/>\nNowy winiarz z Alzacji, czerwona Hiszpania i W\u0142ochy.<\/p>\n<p>&nbsp;<\/p>\n<p>&nbsp;<\/p>\n<p>&nbsp;<\/p>\n<p>&nbsp;<\/p>\n<p>&nbsp;<\/p>\n<p><strong>14.02.2014 godz. 20:00<\/strong><a  href=\"http:\/\/www.korekgliwice.pl\/?attachment_id=236\" rel=\"attachment wp-att-236\"><img loading=\"lazy\" class=\"wp-image-236 alignright\" title=\"02. Festiwal 14.02.2014\" src=\"http:\/\/www.korekgliwice.pl\/wp-content\/uploads\/2012\/08\/02.-Festiwal-14.02.20144.png\" alt=\"\" width=\"322\" height=\"182\" \/><\/a><br \/>\nWalentynkowy festiwal win.<br \/>\nW programie s\u0142odka niespodzianka<br \/>\ni specjalne walentynkowe menu.<br \/>\nZapraszamy!<\/p>\n<p>&nbsp;<\/p>\n<p>&nbsp;<\/p>\n<p>&nbsp;<\/p>\n<p>&nbsp;<\/p>\n<p><a  href=\"http:\/\/www.korekgliwice.pl\/?attachment_id=237\" rel=\"attachment wp-att-237\"><img loading=\"lazy\" class=\"wp-image-237 alignleft\" title=\"01 .01.2014 na stron\u0119\" src=\"http:\/\/www.korekgliwice.pl\/wp-content\/uploads\/2012\/08\/01-.01.2014-na-stron\u0119-8.png\" alt=\"\" width=\"212\" height=\"344\" \/><\/a><\/p>\n<p>Zimowy festiwal win w Siedlisku.<br \/>\n<strong>18.01.2014, godz. 20:00<\/strong><br \/>\nRezerwacja miejsc: 508339185<br \/>\nKarnet na degustacj\u0119 \/ 49 z\u0142<\/p>\n<p>Wyst\u0105pi zesp\u00f3\u0142 gospel &#8211; Big Black Chickens<\/p>\n<p>Zapraszamy!<\/p>\n<p><a  href=\"http:\/\/www.korekgliwice.pl\/?attachment_id=220\" rel=\"attachment wp-att-220\"><img loading=\"lazy\" class=\" wp-image-220 alignright\" title=\"14.09.2013 festiwal po kawacjach 3\" src=\"http:\/\/www.korekgliwice.pl\/wp-content\/uploads\/2012\/08\/14.09.2013-festiwal-po-kawacjach-3.png\" alt=\"\" width=\"385\" height=\"210\" \/><\/a><\/p>\n<p>&nbsp;<\/p>\n<p>&nbsp;<\/p>\n<p>&nbsp;<\/p>\n<p>&nbsp;<\/p>\n<p>&nbsp;<\/p>\n<p>&nbsp;<\/p>\n<p>&nbsp;<\/p>\n<p>&nbsp;<\/p>\n<p>&nbsp;<\/p>\n<p><strong>14.09.2013 \/ godz. 20:00<\/strong><br \/>\nZapraszamy serdecznie<br \/>\nna pierwszy w tym sezonie festiwal win<br \/>\nw Restauracji Siedlisko.<\/p>\n<p>&nbsp;<\/p>\n<p>&nbsp;<\/p>\n<p>&nbsp;<\/p>\n<p>&nbsp;<\/p>\n<p>&nbsp;<\/p>\n<p><strong>21.06.2013 o godz. 20:00<\/strong> <strong><a  href=\"http:\/\/www.korekgliwice.pl\/?attachment_id=212\" rel=\"attachment wp-att-212\"><img loading=\"lazy\" class=\"alignleft  wp-image-212\" title=\"czerwiec fotka\" src=\"http:\/\/www.korekgliwice.pl\/wp-content\/uploads\/2012\/08\/czerwiec-fotka3.jpg\" alt=\"\" width=\"389\" height=\"220\" \/><\/a><\/strong>zapraszamy do Siedliska<br \/>\nna <strong>festiwal win \/ na lato <\/strong>Przedstawimy: bade\u0144ski Riesling Feincherb Markgraflerland, Clos du Val d&#8217;Eleon 2011 Kreydenweiss &#8211; wyj\u0105tkowy kupa\u017c rieslinga i pinot gris z Alzacji, dwa r\u00f3\u017cne<br \/>\nMuskatellery z Badenii: Oberbergen Muskateller Kabinett oraz Oberbergen Muskateller Spatlese, czerwone wino niespodziank\u0119 oraz Corbieres Les Clos Perdus 2010.<\/p>\n<p>&nbsp;<\/p>\n<p><strong>10.05.2013<\/strong> oraz <strong>18.05.2013<\/strong> zapraszamy na <strong>festiwal win \/ majowy<\/strong>.<a  href=\"http:\/\/www.korekgliwice.pl\/?attachment_id=181\" rel=\"attachment wp-att-181\"><img loading=\"lazy\" class=\"wp-image-181 alignright\" title=\"10.05.2013 na stron\u0119\" src=\"http:\/\/www.korekgliwice.pl\/wp-content\/uploads\/2012\/08\/10.05.2013-na-stron\u0119.png\" alt=\"\" width=\"354\" height=\"209\" srcset=\"http:\/\/www.korekgliwice.pl\/wp-content\/uploads\/2012\/08\/10.05.2013-na-stron\u0119.png 500w, http:\/\/www.korekgliwice.pl\/wp-content\/uploads\/2012\/08\/10.05.2013-na-stron\u0119-300x177.png 300w\" sizes=\"(max-width: 354px) 100vw, 354px\" \/><\/a><br \/>\nZaprezentujemy Edelzwickera nowego dostawcy; winnicy Fahrer &#8211; Ackermann. \u015awie\u017ce<br \/>\ni rze\u015bkie Sauvignon Blanc Markgraflerland. Delikatne Pinot Blanc A. Kuentz. Najwi\u0119kszy<br \/>\nz muskat\u00f3w &#8211; Muscat La Chapelle 2006 Ernerst Burn. Przedstawimy te\u017c wyj\u0105tkowe wino jednego<br \/>\nz najwi\u0119kszych na \u015bwiecie producent\u00f3w win czerwonych<br \/>\nnie zawieraj\u0105cych siarczyn\u00f3w &#8211; Jadis 2009 Leon Barral. Pojawi si\u0119 jak zwykle czerwone wino niespodzianka.<\/p>\n<p><strong>\u00a0\u00a0\u00a0\u00a0\u00a0\u00a0\u00a0\u00a0\u00a0\u00a0\u00a0\u00a0\u00a0\u00a0\u00a0\u00a0\u00a0\u00a0\u00a0\u00a0\u00a0\u00a0\u00a0\u00a0\u00a0\u00a0\u00a0\u00a0\u00a0\u00a0\u00a0\u00a0\u00a0\u00a0\u00a0\u00a0\u00a0\u00a0\u00a0\u00a0\u00a0\u00a0\u00a0\u00a0\u00a0\u00a0\u00a0\u00a0\u00a0\u00a0\u00a0\u00a0\u00a0\u00a0\u00a0\u00a0\u00a0\u00a0\u00a0\u00a0\u00a0\u00a0\u00a0\u00a0\u00a0\u00a0\u00a0\u00a0\u00a0\u00a0\u00a0\u00a0\u00a0\u00a0\u00a0\u00a0\u00a0\u00a0\u00a0\u00a0\u00a0\u00a0\u00a0\u00a0\u00a0\u00a0\u00a0\u00a0\u00a0\u00a0\u00a0\u00a0\u00a0\u00a0\u00a0\u00a0\u00a0\u00a0\u00a0\u00a0\u00a0<\/strong><\/p>\n<p><strong> 26.04.2013<\/strong> zapraszamy<a  href=\"http:\/\/www.korekgliwice.pl\/?attachment_id=158\" rel=\"attachment wp-att-158\"><img loading=\"lazy\" class=\" wp-image-158 alignleft\" title=\"26.04.2013 na stron\u0119\" src=\"http:\/\/www.korekgliwice.pl\/wp-content\/uploads\/2012\/08\/26.04.2013-na-stron\u01191.png\" alt=\"\" width=\"382\" height=\"194\" srcset=\"http:\/\/www.korekgliwice.pl\/wp-content\/uploads\/2012\/08\/26.04.2013-na-stron\u01191.png 424w, http:\/\/www.korekgliwice.pl\/wp-content\/uploads\/2012\/08\/26.04.2013-na-stron\u01191-300x152.png 300w\" sizes=\"(max-width: 382px) 100vw, 382px\" \/><\/a><br \/>\nserdecznie do Siedliska na <strong>festiwal win \/na wiosn\u0119.<\/strong><br \/>\nPrzedstawimy alzackiego Sylvanera z winnicy Fahrer-Ackermann, Rieslinga 2011<br \/>\nz biodynamicznej winnicy Kreydenweiss, Pinot Blanc od wielkiego winiarza Alzacji &#8211; Erenesta Burn&#8217;a, portugalski kupa\u017c Castelao, Tinta Roriz, Tinta Barroca<br \/>\ni Pinot Noir, Bordeux 2010 Ch\u00e2teau Croix-Mouton oraz &#8211; jak zawsze &#8211; czerwone wino niespodziank\u0119.<\/p>\n<p>&nbsp;<\/p>\n<p><strong>08.03.2013<\/strong> zapraszamy na <strong>festiw<\/strong><strong>al win \/ dz<\/strong><strong>ie\u0144 kobie<\/strong><strong>t.<\/strong><a  href=\"http:\/\/www.korekgliwice.pl\/?attachment_id=198\" rel=\"attachment wp-att-198\"><img loading=\"lazy\" class=\"alignright  wp-image-198\" title=\"08.03.2013 strona\" src=\"http:\/\/www.korekgliwice.pl\/wp-content\/uploads\/2012\/08\/08.03.2013-strona3.png\" alt=\"\" width=\"365\" height=\"199\" \/><\/a><br \/>\nProponujemy po\u0142\u0105czenie bade\u0144skiego szczepu Muller-Thurgau z przek\u0105sk\u0105z szynki parme\u0144skiej, Gewurztraminer wielkiego Zind-Humbrechta, niespotykany p\u00f3\u017any zbi\u00f3r Pinot Blancz biodynamicznej winnicy Kreydenweiss, wyj\u0105tkowy deser; po\u0142\u0105czenie Cremant d&#8217;Alzace<br \/>\nz sorbetem cytrynowym oraz wino &#8211; niespodziank\u0119.<br \/>\n<strong><\/strong><\/p>\n<p>&nbsp;<\/p>\n<p><strong>18.01.2013 <\/strong> serdecznie zapraszamy do Siedliska na <strong>festiwal win \/ nowo\u015bci.<\/strong><br \/>\nZaprezentujemy nowy rocznik Edelzwickera Bruno Sorga, dwie nowe winnice z Alzacji: Kuentz-Bas z Rieslingiem oraz biodynamicznym Pinot Gris, a tak\u017ce Fahrer Ackermann z le\u017cakowanym 9 miesi\u0119cy w beczce Pinot Noir. W programie r\u00f3wnie\u017c hiszpa\u0144skie Viejo Reyno Tinto oraz wielki Cabernet Franc: Bernard Baudry Chinon La Croix Boissee 2011.<a  href=\"http:\/\/www.korekgliwice.pl\/?attachment_id=113\" rel=\"attachment wp-att-113\"><img loading=\"lazy\" class=\"alignleft  wp-image-113\" title=\"18.01.2013 na stron\u0119\" src=\"http:\/\/www.korekgliwice.pl\/wp-content\/uploads\/2012\/08\/18.01.2013-na-stron\u01191.png\" alt=\"\" width=\"420\" height=\"210\" srcset=\"http:\/\/www.korekgliwice.pl\/wp-content\/uploads\/2012\/08\/18.01.2013-na-stron\u01191.png 438w, http:\/\/www.korekgliwice.pl\/wp-content\/uploads\/2012\/08\/18.01.2013-na-stron\u01191-300x150.png 300w\" sizes=\"(max-width: 420px) 100vw, 420px\" \/><\/a><br \/>\n<strong><\/strong><\/p>\n<p>&nbsp;<\/p>\n<p>&nbsp;<\/p>\n<p>&nbsp;<\/p>\n<p>&nbsp;<\/p>\n<p>&nbsp;<\/p>\n<p>&nbsp;<\/p>\n<p>&nbsp;<\/p>\n<p>&nbsp;<\/p>\n<p>&nbsp;<\/p>\n<p><strong>14.12.2012<\/strong> o godz. 20:00 zapraszamy na <strong>&#8222;Gwiazdkowy festiwal win&#8221;<\/strong>.<br \/>\nWielka gwiazda Loary &#8211; Huet Vouvray Moelleux Clos du Bourg 2007.<br \/>\nRekomendowany przez Marka Bie\u0144czyka Riesling od Bruno Sorga.<br \/>\nSylvaner z nowej, ma\u0142ej alzackiej winnicy Fahrer-Ackermann.<br \/>\nRiesling z p\u00f3\u017anego zbioru, czyli Vendange Tardive z winnicy Alphonse Kuentz.<br \/>\nCzerwone portugalskie Terras do Sado.<br \/>\nNa koniec czerwone wino &#8211; niespodzianka.<br \/>\n<strong>Restauracja Siedlisko<\/strong>, ul. Jaracza 13, Gliwice-\u0141ab\u0119dy<br \/>\nRezerwacja miejsc \/ 508339185 \u00a0\u00a0 Karnet na degustacj\u0119 \/ 47 z\u0142<\/p>\n<p>&nbsp;<\/p>\n<p><strong>16.11.2012<\/strong> o godz. 20:00 zapraszamy serdecznie na festiwal win &#8222;ABC szczep\u00f3w&#8221;.<br \/>\nPrzedstawimy bia\u0142e szczepy: Muller-Thurgau i Gewurztraminer &#8211; tym razem<br \/>\nz Niemiec, alzacki Muscat oraz czerwone: Tempranillo z Hiszpanii, Carignon<br \/>\nz Francji i wspania\u0142e wino z regionu Beaujolais; burgundzki szczep Gamay z winnicy Marcel Lapierre.<br \/>\nRestauracja Siedlisko, ul. Jaracza 13, Gliwice-\u0141ab\u0119dy<br \/>\nRezerwacja miejsc \/ 508339185 \u00a0\u00a0 Karnet na degustacj\u0119 \/ 48 z\u0142<\/p>\n<p>&nbsp;<\/p>\n<p><strong>20.10.2012<\/strong> go\u015bcili\u015bmy w Siedlisku Marka Bie\u0144czyka, kt\u00f3ry &#8211; jako pisarz, enolog, znawca i mi\u0142o\u015bnik &#8211; opowiada\u0142 o literaturze i winie.<\/p>\n<!-- index.php -->\n<div\n\tclass=\"ngg-galleryoverview\"\n\tid=\"ngg-gallery-58a76b932722b44973c807c7f5785126-1\">\n\n    \t\t<!-- Thumbnails -->\n\t\t\t\t<div id=\"ngg-image-0\" class=\"ngg-gallery-thumbnail-box\" >\n\t\t\t\t        <div class=\"ngg-gallery-thumbnail\">\n            <a href=\"http:\/\/www.korekgliwice.pl\/wp-content\/gallery\/literatura-i-wino-20-10-2012\/1-m-bienczyk_0.jpg\"\n               title=\"\"\n               data-src=\"http:\/\/www.korekgliwice.pl\/wp-content\/gallery\/literatura-i-wino-20-10-2012\/1-m-bienczyk_0.jpg\"\n               data-thumbnail=\"http:\/\/www.korekgliwice.pl\/wp-content\/gallery\/literatura-i-wino-20-10-2012\/thumbs\/thumbs_1-m-bienczyk_0.jpg\"\n               data-image-id=\"126\"\n               data-title=\"1-m-bienczyk_0\"\n               data-description=\"\"\n               data-image-slug=\"1-m-bienczyk_0\"\n               class='thickbox' rel='58a76b932722b44973c807c7f5785126'>\n                <img\n                    title=\"1-m-bienczyk_0\"\n                    alt=\"1-m-bienczyk_0\"\n                    src=\"http:\/\/www.korekgliwice.pl\/index.php\/nextgen-image\/126\/200x150x100\/crop\/053aa0d10dbce011e122485b0c503f32\"\n                    width=\"200\"\n                    height=\"150\"\n                    style=\"max-width:100%;\"\n                \/>\n            <\/a>\n        <\/div>\n\t\t\t\t\t\t\t<\/div> \n\t\t\t\n                            \n\t\t\t\t<div id=\"ngg-image-1\" class=\"ngg-gallery-thumbnail-box\" >\n\t\t\t\t        <div class=\"ngg-gallery-thumbnail\">\n            <a href=\"http:\/\/www.korekgliwice.pl\/wp-content\/gallery\/literatura-i-wino-20-10-2012\/2-m-bienczyk_0.jpg\"\n               title=\"\"\n               data-src=\"http:\/\/www.korekgliwice.pl\/wp-content\/gallery\/literatura-i-wino-20-10-2012\/2-m-bienczyk_0.jpg\"\n               data-thumbnail=\"http:\/\/www.korekgliwice.pl\/wp-content\/gallery\/literatura-i-wino-20-10-2012\/thumbs\/thumbs_2-m-bienczyk_0.jpg\"\n               data-image-id=\"127\"\n               data-title=\"2-m-bienczyk_0\"\n               data-description=\"\"\n               data-image-slug=\"2-m-bienczyk_0\"\n               class='thickbox' rel='58a76b932722b44973c807c7f5785126'>\n                <img\n                    title=\"2-m-bienczyk_0\"\n                    alt=\"2-m-bienczyk_0\"\n                    src=\"http:\/\/www.korekgliwice.pl\/index.php\/nextgen-image\/127\/200x150x100\/crop\/e0e51879a711b8b0ff4f67a4904e0acd\"\n                    width=\"200\"\n                    height=\"150\"\n                    style=\"max-width:100%;\"\n                \/>\n            <\/a>\n        <\/div>\n\t\t\t\t\t\t\t<\/div> \n\t\t\t\n                            \n\t\t\t\t<div id=\"ngg-image-2\" class=\"ngg-gallery-thumbnail-box\" >\n\t\t\t\t        <div class=\"ngg-gallery-thumbnail\">\n            <a href=\"http:\/\/www.korekgliwice.pl\/wp-content\/gallery\/literatura-i-wino-20-10-2012\/3-m-bienczyk_0.jpg\"\n               title=\"\"\n               data-src=\"http:\/\/www.korekgliwice.pl\/wp-content\/gallery\/literatura-i-wino-20-10-2012\/3-m-bienczyk_0.jpg\"\n               data-thumbnail=\"http:\/\/www.korekgliwice.pl\/wp-content\/gallery\/literatura-i-wino-20-10-2012\/thumbs\/thumbs_3-m-bienczyk_0.jpg\"\n               data-image-id=\"128\"\n               data-title=\"3-m-bienczyk_0\"\n               data-description=\"\"\n               data-image-slug=\"3-m-bienczyk_0\"\n               class='thickbox' rel='58a76b932722b44973c807c7f5785126'>\n                <img\n                    title=\"3-m-bienczyk_0\"\n                    alt=\"3-m-bienczyk_0\"\n                    src=\"http:\/\/www.korekgliwice.pl\/index.php\/nextgen-image\/128\/200x150x100\/crop\/f8ed536cef30e02cc969991ddc743710\"\n                    width=\"200\"\n                    height=\"150\"\n                    style=\"max-width:100%;\"\n                \/>\n            <\/a>\n        <\/div>\n\t\t\t\t\t\t\t<\/div> \n\t\t\t\n                                    <br style=\"clear: both\" \/>\n                    \n\t\t\t\t<div id=\"ngg-image-3\" class=\"ngg-gallery-thumbnail-box\" >\n\t\t\t\t        <div class=\"ngg-gallery-thumbnail\">\n            <a href=\"http:\/\/www.korekgliwice.pl\/wp-content\/gallery\/literatura-i-wino-20-10-2012\/4-m-bienczyk_0.jpg\"\n               title=\"\"\n               data-src=\"http:\/\/www.korekgliwice.pl\/wp-content\/gallery\/literatura-i-wino-20-10-2012\/4-m-bienczyk_0.jpg\"\n               data-thumbnail=\"http:\/\/www.korekgliwice.pl\/wp-content\/gallery\/literatura-i-wino-20-10-2012\/thumbs\/thumbs_4-m-bienczyk_0.jpg\"\n               data-image-id=\"129\"\n               data-title=\"4-m-bienczyk_0\"\n               data-description=\"\"\n               data-image-slug=\"4-m-bienczyk_0\"\n               class='thickbox' rel='58a76b932722b44973c807c7f5785126'>\n                <img\n                    title=\"4-m-bienczyk_0\"\n                    alt=\"4-m-bienczyk_0\"\n                    src=\"http:\/\/www.korekgliwice.pl\/index.php\/nextgen-image\/129\/200x150x100\/crop\/a8b367ec8eafdc97ee44e8d311c99b33\"\n                    width=\"200\"\n                    height=\"150\"\n                    style=\"max-width:100%;\"\n                \/>\n            <\/a>\n        <\/div>\n\t\t\t\t\t\t\t<\/div> \n\t\t\t\n                            \n\t\t\t\t<div id=\"ngg-image-4\" class=\"ngg-gallery-thumbnail-box\" >\n\t\t\t\t        <div class=\"ngg-gallery-thumbnail\">\n            <a href=\"http:\/\/www.korekgliwice.pl\/wp-content\/gallery\/literatura-i-wino-20-10-2012\/5-m-bienczyk_0.jpg\"\n               title=\"\"\n               data-src=\"http:\/\/www.korekgliwice.pl\/wp-content\/gallery\/literatura-i-wino-20-10-2012\/5-m-bienczyk_0.jpg\"\n               data-thumbnail=\"http:\/\/www.korekgliwice.pl\/wp-content\/gallery\/literatura-i-wino-20-10-2012\/thumbs\/thumbs_5-m-bienczyk_0.jpg\"\n               data-image-id=\"130\"\n               data-title=\"5-m-bienczyk_0\"\n               data-description=\"\"\n               data-image-slug=\"5-m-bienczyk_0\"\n               class='thickbox' rel='58a76b932722b44973c807c7f5785126'>\n                <img\n                    title=\"5-m-bienczyk_0\"\n                    alt=\"5-m-bienczyk_0\"\n                    src=\"http:\/\/www.korekgliwice.pl\/index.php\/nextgen-image\/130\/200x150x100\/crop\/75dd63d394115b2a2823e6e65892d3a1\"\n                    width=\"200\"\n                    height=\"150\"\n                    style=\"max-width:100%;\"\n                \/>\n            <\/a>\n        <\/div>\n\t\t\t\t\t\t\t<\/div> \n\t\t\t\n                            \n\t\t\t\t<div id=\"ngg-image-5\" class=\"ngg-gallery-thumbnail-box\" >\n\t\t\t\t        <div class=\"ngg-gallery-thumbnail\">\n            <a href=\"http:\/\/www.korekgliwice.pl\/wp-content\/gallery\/literatura-i-wino-20-10-2012\/6-m-bienczyk_0.jpg\"\n               title=\"\"\n               data-src=\"http:\/\/www.korekgliwice.pl\/wp-content\/gallery\/literatura-i-wino-20-10-2012\/6-m-bienczyk_0.jpg\"\n               data-thumbnail=\"http:\/\/www.korekgliwice.pl\/wp-content\/gallery\/literatura-i-wino-20-10-2012\/thumbs\/thumbs_6-m-bienczyk_0.jpg\"\n               data-image-id=\"131\"\n               data-title=\"6-m-bienczyk_0\"\n               data-description=\"\"\n               data-image-slug=\"6-m-bienczyk_0\"\n               class='thickbox' rel='58a76b932722b44973c807c7f5785126'>\n                <img\n                    title=\"6-m-bienczyk_0\"\n                    alt=\"6-m-bienczyk_0\"\n                    src=\"http:\/\/www.korekgliwice.pl\/index.php\/nextgen-image\/131\/200x150x100\/crop\/91817f718bce98e8fd742b092ca8250e\"\n                    width=\"200\"\n                    height=\"150\"\n                    style=\"max-width:100%;\"\n                \/>\n            <\/a>\n        <\/div>\n\t\t\t\t\t\t\t<\/div> \n\t\t\t\n                                    <br style=\"clear: both\" \/>\n                    \n\t\t\t\t<div id=\"ngg-image-6\" class=\"ngg-gallery-thumbnail-box\" >\n\t\t\t\t        <div class=\"ngg-gallery-thumbnail\">\n            <a href=\"http:\/\/www.korekgliwice.pl\/wp-content\/gallery\/literatura-i-wino-20-10-2012\/7-m-bienczyk_0.jpg\"\n               title=\"\"\n               data-src=\"http:\/\/www.korekgliwice.pl\/wp-content\/gallery\/literatura-i-wino-20-10-2012\/7-m-bienczyk_0.jpg\"\n               data-thumbnail=\"http:\/\/www.korekgliwice.pl\/wp-content\/gallery\/literatura-i-wino-20-10-2012\/thumbs\/thumbs_7-m-bienczyk_0.jpg\"\n               data-image-id=\"132\"\n               data-title=\"7-m-bienczyk_0\"\n               data-description=\"\"\n               data-image-slug=\"7-m-bienczyk_0\"\n               class='thickbox' rel='58a76b932722b44973c807c7f5785126'>\n                <img\n                    title=\"7-m-bienczyk_0\"\n                    alt=\"7-m-bienczyk_0\"\n                    src=\"http:\/\/www.korekgliwice.pl\/index.php\/nextgen-image\/132\/200x150x100\/crop\/e6cbb095bae79b32dbe81103ddeb40e6\"\n                    width=\"200\"\n                    height=\"150\"\n                    style=\"max-width:100%;\"\n                \/>\n            <\/a>\n        <\/div>\n\t\t\t\t\t\t\t<\/div> \n\t\t\t\n                            \n\t\t\t\t<div id=\"ngg-image-7\" class=\"ngg-gallery-thumbnail-box\" >\n\t\t\t\t        <div class=\"ngg-gallery-thumbnail\">\n            <a href=\"http:\/\/www.korekgliwice.pl\/wp-content\/gallery\/literatura-i-wino-20-10-2012\/8-m-bienczyk.jpg\"\n               title=\"\"\n               data-src=\"http:\/\/www.korekgliwice.pl\/wp-content\/gallery\/literatura-i-wino-20-10-2012\/8-m-bienczyk.jpg\"\n               data-thumbnail=\"http:\/\/www.korekgliwice.pl\/wp-content\/gallery\/literatura-i-wino-20-10-2012\/thumbs\/thumbs_8-m-bienczyk.jpg\"\n               data-image-id=\"133\"\n               data-title=\"8-m-bienczyk\"\n               data-description=\"\"\n               data-image-slug=\"8-m-bienczyk\"\n               class='thickbox' rel='58a76b932722b44973c807c7f5785126'>\n                <img\n                    title=\"8-m-bienczyk\"\n                    alt=\"8-m-bienczyk\"\n                    src=\"http:\/\/www.korekgliwice.pl\/index.php\/nextgen-image\/133\/200x150x100\/crop\/456bb99edc10323ebae364dd3e3abe1a\"\n                    width=\"200\"\n                    height=\"150\"\n                    style=\"max-width:100%;\"\n                \/>\n            <\/a>\n        <\/div>\n\t\t\t\t\t\t\t<\/div> \n\t\t\t\n                            \n\t\t\t\t<div id=\"ngg-image-8\" class=\"ngg-gallery-thumbnail-box\" >\n\t\t\t\t        <div class=\"ngg-gallery-thumbnail\">\n            <a href=\"http:\/\/www.korekgliwice.pl\/wp-content\/gallery\/literatura-i-wino-20-10-2012\/9-m-bienczyk-2.jpg\"\n               title=\"\"\n               data-src=\"http:\/\/www.korekgliwice.pl\/wp-content\/gallery\/literatura-i-wino-20-10-2012\/9-m-bienczyk-2.jpg\"\n               data-thumbnail=\"http:\/\/www.korekgliwice.pl\/wp-content\/gallery\/literatura-i-wino-20-10-2012\/thumbs\/thumbs_9-m-bienczyk-2.jpg\"\n               data-image-id=\"134\"\n               data-title=\"9-m-bienczyk-2\"\n               data-description=\"\"\n               data-image-slug=\"9-m-bienczyk-2\"\n               class='thickbox' rel='58a76b932722b44973c807c7f5785126'>\n                <img\n                    title=\"9-m-bienczyk-2\"\n                    alt=\"9-m-bienczyk-2\"\n                    src=\"http:\/\/www.korekgliwice.pl\/index.php\/nextgen-image\/134\/200x150x100\/crop\/48b9132a9fa8154ae6ea4cd73c54574b\"\n                    width=\"200\"\n                    height=\"150\"\n                    style=\"max-width:100%;\"\n                \/>\n            <\/a>\n        <\/div>\n\t\t\t\t\t\t\t<\/div> \n\t\t\t\n                                    <br style=\"clear: both\" \/>\n                    \n\t\t\t\t<div id=\"ngg-image-9\" class=\"ngg-gallery-thumbnail-box\" >\n\t\t\t\t        <div class=\"ngg-gallery-thumbnail\">\n            <a href=\"http:\/\/www.korekgliwice.pl\/wp-content\/gallery\/literatura-i-wino-20-10-2012\/10-m-bienczyk.jpg\"\n               title=\"\"\n               data-src=\"http:\/\/www.korekgliwice.pl\/wp-content\/gallery\/literatura-i-wino-20-10-2012\/10-m-bienczyk.jpg\"\n               data-thumbnail=\"http:\/\/www.korekgliwice.pl\/wp-content\/gallery\/literatura-i-wino-20-10-2012\/thumbs\/thumbs_10-m-bienczyk.jpg\"\n               data-image-id=\"136\"\n               data-title=\"10-m-bienczyk\"\n               data-description=\"\"\n               data-image-slug=\"10-m-bienczyk\"\n               class='thickbox' rel='58a76b932722b44973c807c7f5785126'>\n                <img\n                    title=\"10-m-bienczyk\"\n                    alt=\"10-m-bienczyk\"\n                    src=\"http:\/\/www.korekgliwice.pl\/index.php\/nextgen-image\/136\/200x150x100\/crop\/8549958ec81ee3e45a62991a037c3b4c\"\n                    width=\"200\"\n                    height=\"150\"\n                    style=\"max-width:100%;\"\n                \/>\n            <\/a>\n        <\/div>\n\t\t\t\t\t\t\t<\/div> \n\t\t\t\n                            \n\t\t\n\t\t<div class=\"ngg-clear\"><\/div>\n\t<\/div>\n\n","protected":false},"excerpt":{"rendered":"<p>12.04.2014 godz. 20:00 Zapraszamy na Wielkanocny festiwal win. W \u015bwi\u0105tecznej edycji przedstawimy wina z Badenii, Alzacji, Langwedocji, Portugalii i Hiszpanii. &nbsp; &nbsp; &nbsp; 28.03.2014 godz. 20:00 Wiosenny festiwal win. Nowy winiarz z Alzacji, czerwona Hiszpania i W\u0142ochy. &nbsp; &nbsp; &nbsp; &hellip; <a  href=\"http:\/\/www.korekgliwice.pl\/?page_id=53\">Continue reading <span class=\"meta-nav\">&rarr;<\/span><\/a><\/p>\n","protected":false},"author":2,"featured_media":0,"parent":0,"menu_order":0,"comment_status":"closed","ping_status":"open","template":"","meta":{"ngg_post_thumbnail":0},"_links":{"self":[{"href":"http:\/\/www.korekgliwice.pl\/index.php?rest_route=\/wp\/v2\/pages\/53"}],"collection":[{"href":"http:\/\/www.korekgliwice.pl\/index.php?rest_route=\/wp\/v2\/pages"}],"about":[{"href":"http:\/\/www.korekgliwice.pl\/index.php?rest_route=\/wp\/v2\/types\/page"}],"author":[{"embeddable":true,"href":"http:\/\/www.korekgliwice.pl\/index.php?rest_route=\/wp\/v2\/users\/2"}],"replies":[{"embeddable":true,"href":"http:\/\/www.korekgliwice.pl\/index.php?rest_route=%2Fwp%2Fv2%2Fcomments&post=53"}],"version-history":[{"count":77,"href":"http:\/\/www.korekgliwice.pl\/index.php?rest_route=\/wp\/v2\/pages\/53\/revisions"}],"predecessor-version":[{"id":273,"href":"http:\/\/www.korekgliwice.pl\/index.php?rest_route=\/wp\/v2\/pages\/53\/revisions\/273"}],"wp:attachment":[{"href":"http:\/\/www.korekgliwice.pl\/index.php?rest_route=%2Fwp%2Fv2%2Fmedia&parent=53"}],"curies":[{"name":"wp","href":"https:\/\/api.w.org\/{rel}","templated":true}]}}